{"id":1089,"date":"2018-01-22T14:57:31","date_gmt":"2018-01-22T14:57:31","guid":{"rendered":"https:\/\/mamamia.vn\/?page_id=1089"},"modified":"2023-02-21T08:06:51","modified_gmt":"2023-02-21T08:06:51","slug":"reservation","status":"publish","type":"page","link":"https:\/\/mamamia.vn\/vi\/reservation\/","title":{"rendered":"Reservation"},"content":{"rendered":"<p>[vc_row row_content_width=&#8221;grid&#8221; disable_background_image=&#8221;&#8221; css=&#8221;.vc_custom_1666148355915{padding-top: 60px !important;padding-bottom: 20px !important;}&#8221; simple_background_image=&#8221;1852&#8243;][vc_column]<div class=\"eltdf-elements-holder   eltdf-one-column  eltdf-responsive-mode-768 \" ><div class=\"eltdf-eh-item    \"  data-item-class=\"eltdf-eh-custom-5627\" data-1280-1600=\"0px 3%\" data-1024-1280=\"0px 6%\" data-768-1024=\"0px\">\n\t<div class=\"eltdf-eh-item-inner\">\n\t\t<div class=\"eltdf-eh-item-content eltdf-eh-custom-5627\" style=\"padding: 0px 11%\">\n\t\t\t\n<div class=\"wpcf7 no-js\" id=\"wpcf7-f5095-o1\" lang=\"en-US\" dir=\"ltr\">\n<div class=\"screen-reader-response\"><p role=\"status\" aria-live=\"polite\" aria-atomic=\"true\"><\/p> <ul><\/ul><\/div>\n<form action=\"\/vi\/wp-json\/wp\/v2\/pages\/1089#wpcf7-f5095-o1\" method=\"post\" class=\"wpcf7-form init\" aria-label=\"Contact form\" novalidate=\"novalidate\" data-status=\"init\">\n<div style=\"display: none;\">\n<input type=\"hidden\" name=\"_wpcf7\" value=\"5095\" \/>\n<input type=\"hidden\" name=\"_wpcf7_version\" value=\"5.7.4\" \/>\n<input type=\"hidden\" name=\"_wpcf7_locale\" value=\"en_US\" \/>\n<input type=\"hidden\" name=\"_wpcf7_unit_tag\" value=\"wpcf7-f5095-o1\" \/>\n<input type=\"hidden\" name=\"_wpcf7_container_post\" value=\"0\" \/>\n<input type=\"hidden\" name=\"_wpcf7_posted_data_hash\" value=\"\" \/>\n<input type=\"hidden\" name=\"lang\" value=\"vi\" \/>\n<\/div>\n<p><span class=\"wpcf7-form-control-wrap\" data-name=\"menu-511\"><select class=\"wpcf7-form-control wpcf7-select wpcf7-validates-as-required\" aria-required=\"true\" aria-invalid=\"false\" name=\"menu-511\"><option value=\"Please select the restaurant\">Please select the restaurant<\/option><option value=\"Madame Lam\">Madame Lam<\/option><\/select><\/span><br \/>\n<label><span class=\"wpcf7-form-control-wrap\" data-name=\"your_name\"><input size=\"40\" class=\"wpcf7-form-control wpcf7-text wpcf7-validates-as-required\" aria-required=\"true\" aria-invalid=\"false\" placeholder=\"Name*\" value=\"\" type=\"text\" name=\"your_name\" \/><\/span><\/label><br \/>\n<label><span class=\"wpcf7-form-control-wrap\" data-name=\"tel-960\"><input size=\"40\" class=\"wpcf7-form-control wpcf7-text wpcf7-tel wpcf7-validates-as-required wpcf7-validates-as-tel\" aria-required=\"true\" aria-invalid=\"false\" placeholder=\"Mobile Phone*\" value=\"\" type=\"tel\" name=\"tel-960\" \/><\/span><\/label><br \/>\n<label><span class=\"wpcf7-form-control-wrap\" data-name=\"your_email\"><input size=\"40\" class=\"wpcf7-form-control wpcf7-text wpcf7-email wpcf7-validates-as-required wpcf7-validates-as-email\" aria-required=\"true\" aria-invalid=\"false\" placeholder=\"Email*\" value=\"\" type=\"email\" name=\"your_email\" \/><\/span> <\/label><br \/>\n<label><span class=\"wpcf7-form-control-wrap\" data-name=\"no_of_guest\"><input class=\"wpcf7-form-control wpcf7-number wpcf7-validates-as-number\" aria-invalid=\"false\" placeholder=\"Number of Guest*\" value=\"\" type=\"number\" name=\"no_of_guest\" \/><\/span><\/label><br \/>\n<label><span class=\"wpcf7-form-control-wrap\" data-name=\"date\"><input class=\"wpcf7-form-control wpcf7-date wpcf7-validates-as-required wpcf7-validates-as-date\" aria-required=\"true\" aria-invalid=\"false\" placeholder=\"Date*\" value=\"\" type=\"date\" name=\"date\" \/><\/span><\/label><br \/>\n<label><span class=\"hour\"><span class=\"wpcf7-form-control-wrap\" data-name=\"hours\"><input class=\"wpcf7-form-control wpcf7-number wpcf7-validates-as-required wpcf7-validates-as-number\" min=\"7\" max=\"22\" aria-required=\"true\" aria-invalid=\"false\" placeholder=\"HH* (24-hour format)\" value=\"\" type=\"number\" name=\"hours\" \/><\/span><\/span><span class=\"minute\"><span class=\"wpcf7-form-control-wrap\" data-name=\"minutes\"><input class=\"wpcf7-form-control wpcf7-number wpcf7-validates-as-required wpcf7-validates-as-number\" min=\"0\" max=\"60\" aria-required=\"true\" aria-invalid=\"false\" placeholder=\"MM*\" value=\"\" type=\"number\" name=\"minutes\" \/><\/span><\/span><\/label><br \/>\n<label><span class=\"wpcf7-form-control-wrap\" data-name=\"your_message\"><textarea cols=\"40\" rows=\"3\" class=\"wpcf7-form-control wpcf7-textarea\" aria-invalid=\"false\" placeholder=\"Special Request\" name=\"your_message\"><\/textarea><\/span> <\/label><br \/>\n<input class=\"wpcf7-form-control has-spinner wpcf7-submit\" type=\"submit\" value=\"Submit your reservation\" \/>\n<\/p><input type='hidden' class='wpcf7-pum' value='{\"closepopup\":false,\"closedelay\":0,\"openpopup\":false,\"openpopup_id\":0}' \/><div class=\"wpcf7-response-output\" aria-hidden=\"true\"><\/div>\n<\/form>\n<\/div>\n\t\t<\/div>\n\t<\/div>\n<\/div><\/div>[\/vc_column][\/vc_row][vc_row row_content_width=&#8221;grid&#8221; css=&#8221;.vc_custom_1653706997726{padding-top: 84px !important;padding-bottom: 35px !important;}&#8221; el_class=&#8221;misson&#8221;][vc_column]<div class=\"eltdf-elements-holder   eltdf-two-columns  eltdf-responsive-mode-768 \" ><div class=\"eltdf-eh-item    \"  data-item-class=\"eltdf-eh-custom-8037\" data-1280-1600=\"0px 19% 0px 14%\" data-1024-1280=\"0px 18% 0px 20%\" data-768-1024=\"0px 12% 0px 0px\" data-680-768=\"0px\" data-680=\"0px\">\n\t<div class=\"eltdf-eh-item-inner\">\n\t\t<div class=\"eltdf-eh-item-content eltdf-eh-custom-8037\" style=\"padding: 0px 19% 0px 23%\">\n\t\t\t[vc_column_text]<\/p>\n<h4>MAMA MIA<\/h4>\n<p>[\/vc_column_text][vc_empty_space height=&#8221;18px&#8221;][vc_column_text]L\u00e0 c\u00f4ng ty \u0111\u1ea7u t\u01b0 theo kh\u00e1i ni\u1ec7m \u201cC\u00f9ng \u0110\u1ea7u T\u01b0\u201d trong l\u0129nh v\u1ef1c Th\u1ef1c ph\u1ea9m &#038; \u0110\u1ed3 u\u1ed1ng t\u1ea1i Vi\u1ec7t Nam, ch\u00fang t\u00f4i t\u00ecm ki\u1ebfm v\u00e0 h\u1ee3p t\u00e1c v\u1edbi c\u00e1c \u0111\u1ea7u b\u1ebfp t\u00e0i n\u0103ng trong nhi\u1ec1u lo\u1ea1i \u1ea9m th\u1ef1c \u0111\u1ec3 x\u00e2y d\u1ef1ng v\u00e0 kinh doanh c\u00e1c nh\u00e0 h\u00e0ng \u1edf v\u1ecb tr\u00ed thu\u1eadn l\u1ee3i.[\/vc_column_text][vc_empty_space height=&#8221;5px&#8221;][vc_column_text]C\u1ed5 \u0111\u00f4ng t\u1eadn h\u01b0\u1edfng c\u00e1c d\u1ecbch v\u1ee5 t\u1ea1i c\u00e1c nh\u00e0 h\u00e0ng m\u00e0 kh\u00f4ng tr\u1ef1c ti\u1ebfp tham gia v\u00e0o ho\u1ea1t \u0111\u1ed9ng v\u1eadn h\u00e0nh h\u00e0ng ng\u00e0y.[\/vc_column_text][vc_empty_space height=&#8221;90px&#8221;]\t\t<\/div>\n\t<\/div>\n<\/div><div class=\"eltdf-eh-item    \"  data-item-class=\"eltdf-eh-custom-8019\" data-1280-1600=\"0px 14% 0px 21%\" data-1024-1280=\"0px 18% 0px 21%\" data-768-1024=\"0px 0px 0px 19%\" data-680-768=\"0px 25% 0px 0px\" data-680=\"0px\">\n\t<div class=\"eltdf-eh-item-inner\">\n\t\t<div class=\"eltdf-eh-item-content eltdf-eh-custom-8019\" style=\"padding: 0px 131px 0px 160px\">\n\t\t\t[vc_row_inner css=&#8221;.vc_custom_1519641980607{padding-top: 41px !important;}&#8221;][vc_column_inner][vc_column_text css=&#8221;.vc_custom_1675930184145{margin-top: -24px !important;}&#8221;]<\/p>\n<h4>LI\u00caN H\u1ec6<\/h4>\n<p>[\/vc_column_text][vc_empty_space height=&#8221;12px&#8221;][vc_column_text]N\u1ebfu b\u1ea1n c\u1ea7n h\u1ed7 tr\u1ee3 th\u00eam th\u00f4ng tin, vui l\u00f2ng li\u00ean h\u1ec7 v\u1edbi ch\u00fang t\u00f4i qua:[\/vc_column_text][vc_empty_space height=&#8221;13px&#8221;][vc_column_text]<\/p>\n<h6>Phone:\u00a0 \u00a0 \u00a0\u00a0<a style=\"font-size: 14px; font-weight: 400; color: #999; letter-spacing: .1em;\" href=\"tel:+842822539492\">+84 028 2253 9492<\/a><\/h6>\n<p>[\/vc_column_text][vc_empty_space height=&#8221;7px&#8221;][vc_column_text]<\/p>\n<h6>E-mail:\u00a0 \u00a0 \u00a0\u00a0<a style=\"font-size: 14px; font-weight: 400; color: #999; letter-spacing: .1em; text-transform: lowercase;\" href=\"mailto:info@mamamia.vn\">info@mamamia.vn<\/a><\/h6>\n<p>[\/vc_column_text][vc_empty_space height=&#8221;7px&#8221;][vc_column_text]<\/p>\n<h6>\u0110\u1ecba ch\u1ec9:\u00a0 \u00a0<span style=\"font-size: 14px; font-weight: 400; color: #999; letter-spacing: .1em; text-transform: capitalize;\">Unit 21.02, T\u1ea7ng 21, Worc@Q2 Building, 21 V\u00f5 Tr\u01b0\u1eddng To\u1ea3n, Th\u1ea3o \u0110i\u1ec1n, Th\u1ee7 \u0110\u1ee9c<\/span><\/h6>\n<p>[\/vc_column_text][vc_empty_space height=&#8221;7px&#8221;][vc_column_text]<\/p>\n<h6>FOLLOW:    <span class=\"eltdf-icon-shortcode normal   eltdf-icon-tiny\" style=\"margin: 0 12px 0 0;width: 14px;height: 14px;line-height: 14px\" data-hover-color=\"#c5b358\" data-color=\"#999999\">\n                    <a itemprop=\"url\" class=\"\" href=\"https:\/\/www.facebook.com\/MamaMiaGroups\" target=\"_blank\">\n                    <span aria-hidden=\"true\" class=\"eltdf-icon-font-elegant  social_facebook eltdf-icon-element\" style=\"color: #999999;font-size:14px\" ><\/span>                    <\/a>\n            <\/span>\n    <span class=\"eltdf-icon-shortcode normal   eltdf-icon-tiny\" style=\"margin: 0 12px 0 0;width: 14px;height: 14px;line-height: 14px\" data-hover-color=\"#c5b358\" data-color=\"#999999\">\n                    <a itemprop=\"url\" class=\"\" href=\"http:\/\/instagram.com\" target=\"_blank\">\n                    <span aria-hidden=\"true\" class=\"eltdf-icon-font-elegant social_instagram eltdf-icon-element\" style=\"color: #999999;font-size:14px\" ><\/span>                    <\/a>\n            <\/span>\n<\/h6>\n<p>[\/vc_column_text][vc_empty_space height=&#8221;90px&#8221;][\/vc_column_inner][\/vc_row_inner]\t\t<\/div>\n\t<\/div>\n<\/div><\/div>[\/vc_column][\/vc_row]<\/p>\n","protected":false},"excerpt":{"rendered":"<p>[vc_row row_content_width=&#8221;grid&#8221; disable_background_image=&#8221;&#8221; css=&#8221;.vc_custom_1666148355915{padding-top: 60px !important;padding-bottom: 20px !important;}&#8221; simple_background_image=&#8221;1852&#8243;][vc_column][\/vc_column][\/vc_row][vc_row row_content_width=&#8221;grid&#8221; css=&#8221;.vc_custom_1653706997726{padding-top: 84px !important;padding-bottom: 35px !important;}&#8221; el_class=&#8221;misson&#8221;][vc_column][\/vc_column][\/vc_row]<\/p>\n","protected":false},"author":1,"featured_media":0,"parent":0,"menu_order":0,"comment_status":"closed","ping_status":"closed","template":"full-width.php","meta":{"footnotes":""},"class_list":["post-1089","page","type-page","status-publish","hentry"],"yoast_head":"<!-- This site is optimized with the Yoast SEO plugin v19.14 - https:\/\/yoast.com\/wordpress\/plugins\/seo\/ -->\n<title>Reservation - Mama Mia - Food &amp; Beverage Investment Company.<\/title>\n<meta name=\"robots\" content=\"index, follow, max-snippet:-1, max-image-preview:large, max-video-preview:-1\" \/>\n<link rel=\"canonical\" href=\"https:\/\/mamamia.vn\/reservation\/\" \/>\n<meta property=\"og:locale\" content=\"vi_VN\" \/>\n<meta property=\"og:type\" content=\"article\" \/>\n<meta property=\"og:title\" content=\"Reservation\" \/>\n<meta property=\"og:description\" content=\"[vc_row row_content_width=&#8221;grid&#8221; disable_background_image=&#8221;&#8221; css=&#8221;.vc_custom_1666148355915{padding-top: 60px !important;padding-bottom: 20px !important;}&#8221; simple_background_image=&#8221;1852&#8243;][vc_column][\/vc_column][\/vc_row][vc_row row_content_width=&#8221;grid&#8221; css=&#8221;.vc_custom_1653706997726{padding-top: 84px !important;padding-bottom: 35px !important;}&#8221; el_class=&#8221;misson&#8221;][vc_column][\/vc_column][\/vc_row]\" \/>\n<meta property=\"og:url\" content=\"https:\/\/mamamia.vn\/reservation\/\" \/>\n<meta property=\"og:site_name\" content=\"Mama Mia - Food &amp; Beverage Investment Company.\" \/>\n<meta property=\"article:modified_time\" content=\"2023-02-21T08:06:51+00:00\" \/>\n<meta name=\"twitter:card\" content=\"summary_large_image\" \/>\n<meta name=\"twitter:label1\" content=\"\u01af\u1edbc t\u00ednh th\u1eddi gian \u0111\u1ecdc\" \/>\n\t<meta name=\"twitter:data1\" content=\"1 ph\u00fat\" \/>\n<script type=\"application\/ld+json\" class=\"yoast-schema-graph\">{\"@context\":\"https:\/\/schema.org\",\"@graph\":[{\"@type\":\"WebPage\",\"@id\":\"https:\/\/mamamia.vn\/reservation\/\",\"url\":\"https:\/\/mamamia.vn\/reservation\/\",\"name\":\"[:en]Reservation[:vi]Reservation[:] - Mama Mia - Food & Beverage Investment Company.\",\"isPartOf\":{\"@id\":\"https:\/\/mamamia.vn\/#website\"},\"datePublished\":\"2018-01-22T14:57:31+00:00\",\"dateModified\":\"2023-02-21T08:06:51+00:00\",\"breadcrumb\":{\"@id\":\"https:\/\/mamamia.vn\/reservation\/#breadcrumb\"},\"inLanguage\":\"vi\",\"potentialAction\":[{\"@type\":\"ReadAction\",\"target\":[\"https:\/\/mamamia.vn\/reservation\/\"]}]},{\"@type\":\"BreadcrumbList\",\"@id\":\"https:\/\/mamamia.vn\/reservation\/#breadcrumb\",\"itemListElement\":[{\"@type\":\"ListItem\",\"position\":1,\"name\":\"Home\",\"item\":\"https:\/\/mamamia.vn\/\"},{\"@type\":\"ListItem\",\"position\":2,\"name\":\"Reservation\"}]},{\"@type\":\"WebSite\",\"@id\":\"https:\/\/mamamia.vn\/#website\",\"url\":\"https:\/\/mamamia.vn\/\",\"name\":\"Mama Mia - Food & Beverage Investment Company.\",\"description\":\"C\u00f4ng ty \u0111\u1ea7u t\u01b0 v\u00e0 ph\u00e1t tri\u1ec3n \u1ea9m th\u1ef1c chuy\u00ean nghi\u1ec7p\",\"potentialAction\":[{\"@type\":\"SearchAction\",\"target\":{\"@type\":\"EntryPoint\",\"urlTemplate\":\"https:\/\/mamamia.vn\/?s={search_term_string}\"},\"query-input\":\"required name=search_term_string\"}],\"inLanguage\":\"vi\"}]}<\/script>\n<!-- \/ Yoast SEO plugin. -->","yoast_head_json":{"title":"Reservation - Mama Mia - Food & Beverage Investment Company.","robots":{"index":"index","follow":"follow","max-snippet":"max-snippet:-1","max-image-preview":"max-image-preview:large","max-video-preview":"max-video-preview:-1"},"canonical":"https:\/\/mamamia.vn\/reservation\/","og_locale":"vi_VN","og_type":"article","og_title":"[:en]Reservation[:vi]Reservation[:] - Mama Mia - Food & Beverage Investment Company.","og_description":"[vc_row row_content_width=&#8221;grid&#8221; disable_background_image=&#8221;&#8221; css=&#8221;.vc_custom_1666148355915{padding-top: 60px !important;padding-bottom: 20px !important;}&#8221; simple_background_image=&#8221;1852&#8243;][vc_column][\/vc_column][\/vc_row][vc_row row_content_width=&#8221;grid&#8221; css=&#8221;.vc_custom_1653706997726{padding-top: 84px !important;padding-bottom: 35px !important;}&#8221; el_class=&#8221;misson&#8221;][vc_column][\/vc_column][\/vc_row]","og_url":"https:\/\/mamamia.vn\/reservation\/","og_site_name":"Mama Mia - Food & Beverage Investment Company.","article_modified_time":"2023-02-21T08:06:51+00:00","twitter_card":"summary_large_image","twitter_misc":{"\u01af\u1edbc t\u00ednh th\u1eddi gian \u0111\u1ecdc":"1 ph\u00fat"},"schema":{"@context":"https:\/\/schema.org","@graph":[{"@type":"WebPage","@id":"https:\/\/mamamia.vn\/reservation\/","url":"https:\/\/mamamia.vn\/reservation\/","name":"[:en]Reservation[:vi]Reservation[:] - Mama Mia - Food & Beverage Investment Company.","isPartOf":{"@id":"https:\/\/mamamia.vn\/#website"},"datePublished":"2018-01-22T14:57:31+00:00","dateModified":"2023-02-21T08:06:51+00:00","breadcrumb":{"@id":"https:\/\/mamamia.vn\/reservation\/#breadcrumb"},"inLanguage":"vi","potentialAction":[{"@type":"ReadAction","target":["https:\/\/mamamia.vn\/reservation\/"]}]},{"@type":"BreadcrumbList","@id":"https:\/\/mamamia.vn\/reservation\/#breadcrumb","itemListElement":[{"@type":"ListItem","position":1,"name":"Home","item":"https:\/\/mamamia.vn\/"},{"@type":"ListItem","position":2,"name":"Reservation"}]},{"@type":"WebSite","@id":"https:\/\/mamamia.vn\/#website","url":"https:\/\/mamamia.vn\/","name":"Mama Mia - Food & Beverage Investment Company.","description":"C\u00f4ng ty \u0111\u1ea7u t\u01b0 v\u00e0 ph\u00e1t tri\u1ec3n \u1ea9m th\u1ef1c chuy\u00ean nghi\u1ec7p","potentialAction":[{"@type":"SearchAction","target":{"@type":"EntryPoint","urlTemplate":"https:\/\/mamamia.vn\/?s={search_term_string}"},"query-input":"required name=search_term_string"}],"inLanguage":"vi"}]}},"_links":{"self":[{"href":"https:\/\/mamamia.vn\/vi\/wp-json\/wp\/v2\/pages\/1089","targetHints":{"allow":["GET"]}}],"collection":[{"href":"https:\/\/mamamia.vn\/vi\/wp-json\/wp\/v2\/pages"}],"about":[{"href":"https:\/\/mamamia.vn\/vi\/wp-json\/wp\/v2\/types\/page"}],"author":[{"embeddable":true,"href":"https:\/\/mamamia.vn\/vi\/wp-json\/wp\/v2\/users\/1"}],"replies":[{"embeddable":true,"href":"https:\/\/mamamia.vn\/vi\/wp-json\/wp\/v2\/comments?post=1089"}],"version-history":[{"count":14,"href":"https:\/\/mamamia.vn\/vi\/wp-json\/wp\/v2\/pages\/1089\/revisions"}],"predecessor-version":[{"id":5378,"href":"https:\/\/mamamia.vn\/vi\/wp-json\/wp\/v2\/pages\/1089\/revisions\/5378"}],"wp:attachment":[{"href":"https:\/\/mamamia.vn\/vi\/wp-json\/wp\/v2\/media?parent=1089"}],"curies":[{"name":"wp","href":"https:\/\/api.w.org\/{rel}","templated":true}]}}